{"id":82760,"date":"2026-01-13T10:04:16","date_gmt":"2026-01-13T09:04:16","guid":{"rendered":"https:\/\/www.blackbirdracing.com\/it\/prodotto\/copertina-sella-personalizzata-zebra-honda-per-crf-450-2021-2024\/"},"modified":"2026-01-13T10:04:16","modified_gmt":"2026-01-13T09:04:16","slug":"copertina-sella-personalizzata-zebra-honda-per-crf-450-2021-2024","status":"publish","type":"product","link":"https:\/\/www.blackbirdracing.com\/fr\/prodotto\/copertina-sella-personalizzata-zebra-honda-per-crf-450-2021-2024\/","title":{"rendered":"Housse de selle Honda z\u00e9br\u00e9e personnalis\u00e9e pour CRF 450 2021 - 2024"},"content":{"rendered":"<p>Housses de selle personnalis\u00e9es Zebra<\/p>","protected":false},"excerpt":{"rendered":"<p>Copertina Sella Personalizzata Zebra compatibile con Honda CRF 450 2021 &#8211; 2024<\/p>","protected":false},"featured_media":82759,"comment_status":"open","ping_status":"closed","template":"","meta":[],"product_brand":[],"product_cat":[29,31,30],"product_tag":[26],"class_list":{"0":"post-82760","1":"product","2":"type-product","3":"status-publish","4":"has-post-thumbnail","6":"product_cat-copertine-sella","7":"product_cat-crf-450-cs","8":"product_cat-honda-cs","9":"product_tag-blackbird","11":"first","12":"instock","13":"shipping-taxable","14":"purchasable","15":"product-type-simple"},"_links":{"self":[{"href":"https:\/\/www.blackbirdracing.com\/fr\/wp-json\/wp\/v2\/product\/82760","targetHints":{"allow":["GET"]}}],"collection":[{"href":"https:\/\/www.blackbirdracing.com\/fr\/wp-json\/wp\/v2\/product"}],"about":[{"href":"https:\/\/www.blackbirdracing.com\/fr\/wp-json\/wp\/v2\/types\/product"}],"replies":[{"embeddable":true,"href":"https:\/\/www.blackbirdracing.com\/fr\/wp-json\/wp\/v2\/comments?post=82760"}],"wp:featuredmedia":[{"embeddable":true,"href":"https:\/\/www.blackbirdracing.com\/fr\/wp-json\/wp\/v2\/media\/82759"}],"wp:attachment":[{"href":"https:\/\/www.blackbirdracing.com\/fr\/wp-json\/wp\/v2\/media?parent=82760"}],"wp:term":[{"taxonomy":"product_brand","embeddable":true,"href":"https:\/\/www.blackbirdracing.com\/fr\/wp-json\/wp\/v2\/product_brand?post=82760"},{"taxonomy":"product_cat","embeddable":true,"href":"https:\/\/www.blackbirdracing.com\/fr\/wp-json\/wp\/v2\/product_cat?post=82760"},{"taxonomy":"product_tag","embeddable":true,"href":"https:\/\/www.blackbirdracing.com\/fr\/wp-json\/wp\/v2\/product_tag?post=82760"}],"curies":[{"name":"wp","href":"https:\/\/api.w.org\/{rel}","templated":true}]}}