{"id":84096,"date":"2026-02-24T15:05:52","date_gmt":"2026-02-24T14:05:52","guid":{"rendered":"https:\/\/www.blackbirdracing.com\/it\/prodotto\/file-template-yamaha-per-yzf-250-2024-2026\/"},"modified":"2026-02-24T15:05:52","modified_gmt":"2026-02-24T14:05:52","slug":"file-template-yamaha-per-yzf-250-2024-2026","status":"publish","type":"product","link":"https:\/\/www.blackbirdracing.com\/fr\/prodotto\/file-template-yamaha-per-yzf-250-2024-2026\/","title":{"rendered":"File Template Yamaha per YZF 250 2024 &#8211; 2026"},"content":{"rendered":"<p>Avec nos mod\u00e8les vectoriels, vous pouvez cr\u00e9er les graphiques que vous souhaitez pour votre moto. Mod\u00e8les vectoriels \u00e0 l'\u00e9chelle 1:1 pour les croquis et les cr\u00e9ations graphiques. Les fichiers sont au format PDF vectoriel, compatible avec les principaux logiciels de graphisme vectoriel.<\/p>","protected":false},"excerpt":{"rendered":"<p>File Template compatibile con Yamaha YZF 250 2024 &#8211; 2026<\/p>","protected":false},"featured_media":84095,"comment_status":"open","ping_status":"closed","template":"","meta":{"_acf_changed":false},"product_brand":[],"product_cat":[1146,1164,1176],"product_tag":[26],"class_list":{"0":"post-84096","1":"product","2":"type-product","3":"status-publish","4":"has-post-thumbnail","6":"product_cat-kit-adesivi-moto","7":"product_cat-yamaha-ka","8":"product_cat-yzf-250-ka","9":"product_tag-blackbird","11":"first","12":"instock","13":"virtual","14":"purchasable","15":"product-type-simple"},"acf":[],"_links":{"self":[{"href":"https:\/\/www.blackbirdracing.com\/fr\/wp-json\/wp\/v2\/product\/84096","targetHints":{"allow":["GET"]}}],"collection":[{"href":"https:\/\/www.blackbirdracing.com\/fr\/wp-json\/wp\/v2\/product"}],"about":[{"href":"https:\/\/www.blackbirdracing.com\/fr\/wp-json\/wp\/v2\/types\/product"}],"replies":[{"embeddable":true,"href":"https:\/\/www.blackbirdracing.com\/fr\/wp-json\/wp\/v2\/comments?post=84096"}],"wp:featuredmedia":[{"embeddable":true,"href":"https:\/\/www.blackbirdracing.com\/fr\/wp-json\/wp\/v2\/media\/84095"}],"wp:attachment":[{"href":"https:\/\/www.blackbirdracing.com\/fr\/wp-json\/wp\/v2\/media?parent=84096"}],"wp:term":[{"taxonomy":"product_brand","embeddable":true,"href":"https:\/\/www.blackbirdracing.com\/fr\/wp-json\/wp\/v2\/product_brand?post=84096"},{"taxonomy":"product_cat","embeddable":true,"href":"https:\/\/www.blackbirdracing.com\/fr\/wp-json\/wp\/v2\/product_cat?post=84096"},{"taxonomy":"product_tag","embeddable":true,"href":"https:\/\/www.blackbirdracing.com\/fr\/wp-json\/wp\/v2\/product_tag?post=84096"}],"curies":[{"name":"wp","href":"https:\/\/api.w.org\/{rel}","templated":true}]}}