{"id":84155,"date":"2026-03-05T13:44:16","date_gmt":"2026-03-05T12:44:16","guid":{"rendered":"https:\/\/www.blackbirdracing.com\/it\/prodotto\/kit-adesivi-noised-design-kove\/"},"modified":"2026-03-05T15:44:15","modified_gmt":"2026-03-05T14:44:15","slug":"kit-adesivi-noised-design-kove","status":"publish","type":"product","link":"https:\/\/www.blackbirdracing.com\/fr\/prodotto\/kit-adesivi-noised-design-kove\/","title":{"rendered":"Kit Adesivi Noised Design KOVE"},"content":{"rendered":"<p>Le kit autocollants comprend  :  paire ou\u00efes de radiateur, paire bo\u00eete \u00e0 air, paire protections de fourche, paire bras oscillant, garde-boue avant, garde-boue arri\u00e8re et fond de plaque motocross et enduro. Les diff\u00e9rentes pi\u00e8ces qui composent le kit ne peuvent pas \u00eatre vendues s\u00e9par\u00e9ment.<\/p>","protected":false},"excerpt":{"rendered":"<p>Kit Adesivi Noised Design KOVE<\/p>","protected":false},"featured_media":84153,"comment_status":"open","ping_status":"closed","template":"","meta":{"_acf_changed":false},"product_brand":[],"product_cat":[1146,2174],"product_tag":[26],"class_list":{"0":"post-84155","1":"product","2":"type-product","3":"status-publish","4":"has-post-thumbnail","6":"product_cat-kit-adesivi-moto","7":"product_cat-450-rally","8":"product_tag-blackbird","10":"first","11":"onbackorder","12":"shipping-taxable","13":"purchasable","14":"product-type-simple"},"acf":[],"_links":{"self":[{"href":"https:\/\/www.blackbirdracing.com\/fr\/wp-json\/wp\/v2\/product\/84155","targetHints":{"allow":["GET"]}}],"collection":[{"href":"https:\/\/www.blackbirdracing.com\/fr\/wp-json\/wp\/v2\/product"}],"about":[{"href":"https:\/\/www.blackbirdracing.com\/fr\/wp-json\/wp\/v2\/types\/product"}],"replies":[{"embeddable":true,"href":"https:\/\/www.blackbirdracing.com\/fr\/wp-json\/wp\/v2\/comments?post=84155"}],"wp:featuredmedia":[{"embeddable":true,"href":"https:\/\/www.blackbirdracing.com\/fr\/wp-json\/wp\/v2\/media\/84153"}],"wp:attachment":[{"href":"https:\/\/www.blackbirdracing.com\/fr\/wp-json\/wp\/v2\/media?parent=84155"}],"wp:term":[{"taxonomy":"product_brand","embeddable":true,"href":"https:\/\/www.blackbirdracing.com\/fr\/wp-json\/wp\/v2\/product_brand?post=84155"},{"taxonomy":"product_cat","embeddable":true,"href":"https:\/\/www.blackbirdracing.com\/fr\/wp-json\/wp\/v2\/product_cat?post=84155"},{"taxonomy":"product_tag","embeddable":true,"href":"https:\/\/www.blackbirdracing.com\/fr\/wp-json\/wp\/v2\/product_tag?post=84155"}],"curies":[{"name":"wp","href":"https:\/\/api.w.org\/{rel}","templated":true}]}}