{"id":84568,"date":"2026-03-25T15:04:33","date_gmt":"2026-03-25T14:04:33","guid":{"rendered":"https:\/\/www.blackbirdracing.com\/it\/prodotto\/kit-adesivi-retro-semi-configurabile-suzuki-per-rm-z-450-2018-2026\/"},"modified":"2026-03-25T15:04:33","modified_gmt":"2026-03-25T14:04:33","slug":"kit-adesivi-retro-semi-configurabile-suzuki-per-rm-z-450-2018-2026","status":"publish","type":"product","link":"https:\/\/www.blackbirdracing.com\/fr\/prodotto\/kit-adesivi-retro-semi-configurabile-suzuki-per-rm-z-450-2018-2026\/","title":{"rendered":"Kit Adesivi Retr\u00f2 Semi Configurabile Suzuki per RM Z 450 2018 &#8211; 2026"},"content":{"rendered":"<p>Le kit autocollants comprend  :  paire ou\u00efes de radiateur, paire bo\u00eete \u00e0 air, paire protections de fourche, paire bras oscillant, garde-boue avant, garde-boue arri\u00e8re et fond de plaque motocross et enduro. Les diff\u00e9rentes pi\u00e8ces qui composent le kit ne peuvent pas \u00eatre vendues s\u00e9par\u00e9ment.<\/p>","protected":false},"excerpt":{"rendered":"<p>Kit Adesivi Retr\u00f2 Semi Configurabile compatibile con Suzuki RM Z 450 2018 &#8211; 2026<\/p>","protected":false},"featured_media":84567,"comment_status":"open","ping_status":"closed","template":"","meta":[],"product_brand":[],"product_cat":[1146,1187,1182],"product_tag":[26],"class_list":{"0":"post-84568","1":"product","2":"type-product","3":"status-publish","4":"has-post-thumbnail","6":"product_cat-kit-adesivi-moto","7":"product_cat-rm-z-450-ka","8":"product_cat-suzuki-ka","9":"product_tag-blackbird","11":"first","12":"onbackorder","13":"shipping-taxable","14":"purchasable","15":"product-type-simple"},"_links":{"self":[{"href":"https:\/\/www.blackbirdracing.com\/fr\/wp-json\/wp\/v2\/product\/84568","targetHints":{"allow":["GET"]}}],"collection":[{"href":"https:\/\/www.blackbirdracing.com\/fr\/wp-json\/wp\/v2\/product"}],"about":[{"href":"https:\/\/www.blackbirdracing.com\/fr\/wp-json\/wp\/v2\/types\/product"}],"replies":[{"embeddable":true,"href":"https:\/\/www.blackbirdracing.com\/fr\/wp-json\/wp\/v2\/comments?post=84568"}],"wp:featuredmedia":[{"embeddable":true,"href":"https:\/\/www.blackbirdracing.com\/fr\/wp-json\/wp\/v2\/media\/84567"}],"wp:attachment":[{"href":"https:\/\/www.blackbirdracing.com\/fr\/wp-json\/wp\/v2\/media?parent=84568"}],"wp:term":[{"taxonomy":"product_brand","embeddable":true,"href":"https:\/\/www.blackbirdracing.com\/fr\/wp-json\/wp\/v2\/product_brand?post=84568"},{"taxonomy":"product_cat","embeddable":true,"href":"https:\/\/www.blackbirdracing.com\/fr\/wp-json\/wp\/v2\/product_cat?post=84568"},{"taxonomy":"product_tag","embeddable":true,"href":"https:\/\/www.blackbirdracing.com\/fr\/wp-json\/wp\/v2\/product_tag?post=84568"}],"curies":[{"name":"wp","href":"https:\/\/api.w.org\/{rel}","templated":true}]}}