{"id":84744,"date":"2026-03-27T16:44:16","date_gmt":"2026-03-27T15:44:16","guid":{"rendered":"https:\/\/www.blackbirdracing.com\/it\/prodotto\/kit-adesivi-racing-design-yamaha-3\/"},"modified":"2026-03-27T16:44:16","modified_gmt":"2026-03-27T15:44:16","slug":"kit-adesivi-racing-design-yamaha-3","status":"publish","type":"product","link":"https:\/\/www.blackbirdracing.com\/fr\/prodotto\/kit-adesivi-racing-design-yamaha-3\/","title":{"rendered":"Kit d'autocollants de course YAMAHA"},"content":{"rendered":"<p>Le kit d'autocollants est con\u00e7u pour renouveler et valoriser le style de votre moto avec un design moderne, professionnel et parfaitement coordonn\u00e9. Chaque \u00e9l\u00e9ment du kit est pens\u00e9 pour s'int\u00e9grer harmonieusement aux principaux plastiques de la moto, garantissant un r\u00e9sultat esth\u00e9tique uniforme et de grand impact visuel, id\u00e9al pour ceux qui souhaitent se d\u00e9marquer. Le kit comprend tous les autocollants indiqu\u00e9s sur la photo, offrant une couverture compl\u00e8te des parties principales de la moto. Les composants qui composent le kit sont vendus exclusivement en set complet et ne sont pas disponibles \u00e0 la vente s\u00e9par\u00e9e.<\/p>","protected":false},"excerpt":{"rendered":"<p>Kit d'autocollants de course YAMAHA<\/p>","protected":false},"featured_media":84742,"comment_status":"open","ping_status":"closed","template":"","meta":{"_acf_changed":false},"product_brand":[],"product_cat":[1146,1180,1164],"product_tag":[26],"class_list":{"0":"post-84744","1":"product","2":"type-product","3":"status-publish","4":"has-post-thumbnail","6":"product_cat-kit-adesivi-moto","7":"product_cat-tenere-700-ka","8":"product_cat-yamaha-ka","9":"product_tag-blackbird","11":"first","12":"onbackorder","13":"shipping-taxable","14":"purchasable","15":"product-type-simple"},"acf":[],"_links":{"self":[{"href":"https:\/\/www.blackbirdracing.com\/fr\/wp-json\/wp\/v2\/product\/84744","targetHints":{"allow":["GET"]}}],"collection":[{"href":"https:\/\/www.blackbirdracing.com\/fr\/wp-json\/wp\/v2\/product"}],"about":[{"href":"https:\/\/www.blackbirdracing.com\/fr\/wp-json\/wp\/v2\/types\/product"}],"replies":[{"embeddable":true,"href":"https:\/\/www.blackbirdracing.com\/fr\/wp-json\/wp\/v2\/comments?post=84744"}],"wp:featuredmedia":[{"embeddable":true,"href":"https:\/\/www.blackbirdracing.com\/fr\/wp-json\/wp\/v2\/media\/84742"}],"wp:attachment":[{"href":"https:\/\/www.blackbirdracing.com\/fr\/wp-json\/wp\/v2\/media?parent=84744"}],"wp:term":[{"taxonomy":"product_brand","embeddable":true,"href":"https:\/\/www.blackbirdracing.com\/fr\/wp-json\/wp\/v2\/product_brand?post=84744"},{"taxonomy":"product_cat","embeddable":true,"href":"https:\/\/www.blackbirdracing.com\/fr\/wp-json\/wp\/v2\/product_cat?post=84744"},{"taxonomy":"product_tag","embeddable":true,"href":"https:\/\/www.blackbirdracing.com\/fr\/wp-json\/wp\/v2\/product_tag?post=84744"}],"curies":[{"name":"wp","href":"https:\/\/api.w.org\/{rel}","templated":true}]}}