{"id":30730,"date":"2025-07-25T18:04:21","date_gmt":"2025-07-25T16:04:21","guid":{"rendered":"https:\/\/alessiom160.sg-host.com\/?page_id=30730"},"modified":"2025-11-24T17:51:15","modified_gmt":"2025-11-24T16:51:15","slug":"oem","status":"publish","type":"page","link":"https:\/\/www.blackbirdracing.com\/it\/oem\/","title":{"rendered":"OEM"},"content":{"rendered":"\t\t<div data-elementor-type=\"wp-page\" data-elementor-id=\"30730\" class=\"elementor elementor-30730\" data-elementor-post-type=\"page\">\n\t\t\t\t<section class=\"elementor-element elementor-element-bba599f e-con-full section-s e-flex e-con e-parent\" data-id=\"bba599f\" data-element_type=\"container\" data-e-type=\"container\">\n\t\t<div class=\"elementor-element elementor-element-29438d7 e-con-full e-flex e-con e-child\" data-id=\"29438d7\" data-element_type=\"container\" data-e-type=\"container\">\n\t\t\t\t<div class=\"elementor-element elementor-element-2a845a6 elementor-widget elementor-widget-heading\" data-id=\"2a845a6\" data-element_type=\"widget\" data-e-type=\"widget\" data-widget_type=\"heading.default\">\n\t\t\t\t\t<h2 class=\"elementor-heading-title elementor-size-default\">Mission<\/h2>\t\t\t\t<\/div>\n\t\t\t\t<div class=\"elementor-element elementor-element-b5428bc elementor-widget elementor-widget-text-editor\" data-id=\"b5428bc\" data-element_type=\"widget\" data-e-type=\"widget\" data-widget_type=\"text-editor.default\">\n\t\t\t\t\t\t\t\t\t<p>BBr o.e.m. vuole offrire un servizio completo e qualificato adatto alle esigenze di ogni cliente sia nella fase di progettazione che in quella di produzione per la decorazione, tramite stickers, dei veicoli a due e quattro ruote.<\/p><p>Partendo dall\u2019industrializzazione dei file grafici fino ad arrivare alla confezione e spedizione dei prodotti, la BBr o.e.m. gestisce internamente tutte le lavorazioni intermedie.<br \/>Questo ci garantisce sempre un pieno controllo della qualit\u00e0 e della produttivit\u00e0 di ogni articolo prodotto.<\/p>\t\t\t\t\t\t\t\t<\/div>\n\t\t<section class=\"elementor-element elementor-element-acca076 e-con-full e-flex e-con e-child\" data-id=\"acca076\" data-element_type=\"container\" data-e-type=\"container\">\n\t\t<div class=\"elementor-element elementor-element-8ff7438 e-con-full section-left-s e-flex e-con e-child\" data-id=\"8ff7438\" data-element_type=\"container\" data-e-type=\"container\" data-settings=\"{&quot;background_background&quot;:&quot;classic&quot;}\">\n\t\t<div class=\"elementor-element elementor-element-202c580 e-con-full e-flex e-con e-child\" data-id=\"202c580\" data-element_type=\"container\" data-e-type=\"container\">\n\t\t\t\t<div class=\"elementor-element elementor-element-27621b4 elementor-widget elementor-widget-heading\" data-id=\"27621b4\" data-element_type=\"widget\" data-e-type=\"widget\" data-widget_type=\"heading.default\">\n\t\t\t\t\t<h3 class=\"elementor-heading-title elementor-size-default\">Obiettivi<\/h3>\t\t\t\t<\/div>\n\t\t\t\t<\/div>\n\t\t\t\t<div class=\"elementor-element elementor-element-a9cf205 elementor-widget elementor-widget-text-editor\" data-id=\"a9cf205\" data-element_type=\"widget\" data-e-type=\"widget\" data-widget_type=\"text-editor.default\">\n\t\t\t\t\t\t\t\t\t<p>Ci piace riassumere i nostri obiettivi con la parola <strong>RISS<\/strong><\/p><ul><li><strong>R<\/strong>icerca, della massima qualit\u00e0 sui nostri prodotti.<\/li><li><strong>I<\/strong>ndustrializzazione, della produzione mediante la continua ricerca di attrezzature tecnologicamente avanzate.<\/li><li><strong>S<\/strong>viluppo, di nuovi materiali in collaborazione con i clienti stessi.<\/li><li><strong>S<\/strong>oddisfazione del cliente.<\/li><\/ul>\t\t\t\t\t\t\t\t<\/div>\n\t\t\t\t<\/div>\n\t\t<div class=\"elementor-element elementor-element-d1d5e49 e-con-full section-right-s e-flex e-con e-child\" data-id=\"d1d5e49\" data-element_type=\"container\" data-e-type=\"container\" data-settings=\"{&quot;background_background&quot;:&quot;classic&quot;}\">\n\t\t\t\t<\/div>\n\t\t\t\t<\/section>\n\t\t\t\t<\/div>\n\t\t<div class=\"elementor-element elementor-element-a6b64ce e-con-full e-flex e-con e-child\" data-id=\"a6b64ce\" data-element_type=\"container\" data-e-type=\"container\">\n\t\t\t\t<div class=\"elementor-element elementor-element-8be531b elementor-widget elementor-widget-heading\" data-id=\"8be531b\" data-element_type=\"widget\" data-e-type=\"widget\" data-widget_type=\"heading.default\">\n\t\t\t\t\t<h2 class=\"elementor-heading-title elementor-size-default\">BBR O.E.M. produzione kit adesivi<\/h2>\t\t\t\t<\/div>\n\t\t<div class=\"elementor-element elementor-element-2cf3298 e-con-full e-flex e-con e-child\" data-id=\"2cf3298\" data-element_type=\"container\" data-e-type=\"container\">\n\t\t\t\t<div class=\"elementor-element elementor-element-55c0dda elementor-widget elementor-widget-heading\" data-id=\"55c0dda\" data-element_type=\"widget\" data-e-type=\"widget\" data-widget_type=\"heading.default\">\n\t\t\t\t\t<h3 class=\"elementor-heading-title elementor-size-default\">Progettazione ed elaborazione file\n<\/h3>\t\t\t\t<\/div>\n\t\t\t\t<div class=\"elementor-element elementor-element-3e7dc02 elementor-widget elementor-widget-text-editor\" data-id=\"3e7dc02\" data-element_type=\"widget\" data-e-type=\"widget\" data-widget_type=\"text-editor.default\">\n\t\t\t\t\t\t\t\t\t<p>BBr o.e.m., in collaborazione con i centri stile e\/o agenzie grafiche si occupa di:<\/p><ul><li>Studio e scelta del materiale pi\u00f9 appropriato in base al tipo di supporto su cui fare l\u2019applicazione.<\/li><li>Disegnare i contorni fustelle direttamente sul veicolo, calcolando gli spazi di ingombro in relazione alla migliore applicabilit\u00e0 possibile.<\/li><li>Fornire una pre-serie sagomata per verificare l\u2019applicabilit\u00e0.<\/li><li>Modificare e realizzare i sormonti sui file esecutivi per renderli industrializabili in base al tipo di stampa ed ai materiali scelti.<\/li><li>Realizzare gli impianti necessari alla stampa serigrafica definitiva.<\/li><\/ul>\t\t\t\t\t\t\t\t<\/div>\n\t\t\t\t<\/div>\n\t\t<div class=\"elementor-element elementor-element-ad8bff6 e-con-full e-flex e-con e-child\" data-id=\"ad8bff6\" data-element_type=\"container\" data-e-type=\"container\">\n\t\t\t\t<div class=\"elementor-element elementor-element-da7734f elementor-widget elementor-widget-heading\" data-id=\"da7734f\" data-element_type=\"widget\" data-e-type=\"widget\" data-widget_type=\"heading.default\">\n\t\t\t\t\t<h3 class=\"elementor-heading-title elementor-size-default\">Preparazione prototipi per fiere o presentazioni<\/h3>\t\t\t\t<\/div>\n\t\t\t\t<div class=\"elementor-element elementor-element-966bc34 elementor-widget elementor-widget-text-editor\" data-id=\"966bc34\" data-element_type=\"widget\" data-e-type=\"widget\" data-widget_type=\"text-editor.default\">\n\t\t\t\t\t\t\t\t\t<p>BBr o.e.m, si occupa della stampa, del taglio e dell\u2019applicazione di qualsiasi tipo di prototipo da utilizzare per fiere, manifestazioni, servizi fotografici o anche solo per la visione completa del prodotto finito.<br \/>Questi prototipi vengono da noi realizzati utilizzando le migliori tecnologie di stampa digitale disponibili sul mercato.<\/p>\t\t\t\t\t\t\t\t<\/div>\n\t\t\t\t<\/div>\n\t\t<div class=\"elementor-element elementor-element-0984d51 e-con-full e-flex e-con e-child\" data-id=\"0984d51\" data-element_type=\"container\" data-e-type=\"container\">\n\t\t\t\t<div class=\"elementor-element elementor-element-e663f2d elementor-widget elementor-widget-heading\" data-id=\"e663f2d\" data-element_type=\"widget\" data-e-type=\"widget\" data-widget_type=\"heading.default\">\n\t\t\t\t\t<h3 class=\"elementor-heading-title elementor-size-default\">Produzione degli stickers<\/h3>\t\t\t\t<\/div>\n\t\t\t\t<div class=\"elementor-element elementor-element-a1d6bc9 elementor-widget elementor-widget-text-editor\" data-id=\"a1d6bc9\" data-element_type=\"widget\" data-e-type=\"widget\" data-widget_type=\"text-editor.default\">\n\t\t\t\t\t\t\t\t\t<p>BBr o.e.m, svolge il 100% delle lavorazioni all\u2019interno della propria sede produttiva di Genova, avvalendosi di un personale altamente specializzato con una ottima esperienza nel settore e dei migliori sistemi di stampa automatizzati serigrafici.<\/p>\t\t\t\t\t\t\t\t<\/div>\n\t\t<div class=\"elementor-element elementor-element-733713e e-con-full e-flex e-con e-child\" data-id=\"733713e\" data-element_type=\"container\" data-e-type=\"container\" data-settings=\"{&quot;background_background&quot;:&quot;classic&quot;}\">\n\t\t\t\t<div class=\"elementor-element elementor-element-54a9783 elementor-widget elementor-widget-heading\" data-id=\"54a9783\" data-element_type=\"widget\" data-e-type=\"widget\" data-widget_type=\"heading.default\">\n\t\t\t\t\t<h4 class=\"elementor-heading-title elementor-size-default\">BBR O.E.M. produzione copertine sella<\/h4>\t\t\t\t<\/div>\n\t\t\t\t<div class=\"elementor-element elementor-element-9291d66 elementor-widget elementor-widget-text-editor\" data-id=\"9291d66\" data-element_type=\"widget\" data-e-type=\"widget\" data-widget_type=\"text-editor.default\">\n\t\t\t\t\t\t\t\t\t<div>Un ulteriore servizio che BBr o.e.m mette a disposizione dei suoi clienti \u00e9 la progettazione ed industrializzazione delle copertine sella.<br \/>Il reparto ricerca e sviluppo di questo settore lavora costantemente insieme a tutti i racing Team da noi supportati per migliorare ed innovare i materiali necessari alla realizzazione del prodotto finito.<br \/>In collaborazione con tutte le pi\u00f9 prestigiose societ\u00e0 che si occupano della produzione delle selle complete, BBr o.e.m. si pu\u00f2 occupare della personalizzazione fornendo le parti laterali stampate sia in materiale antiscivolo che in materiale lucido. Un servizio veramente innovativo che sfrutta le conoscenze tecniche di una azienda grafica applicate ad un prodotto tecnico.<\/div>\t\t\t\t\t\t\t\t<\/div>\n\t\t\t\t<div class=\"elementor-element elementor-element-e84c835 elementor-widget elementor-widget-heading\" data-id=\"e84c835\" data-element_type=\"widget\" data-e-type=\"widget\" data-widget_type=\"heading.default\">\n\t\t\t\t\t<h4 class=\"elementor-heading-title elementor-size-default\">Packaging e controllo qualit\u00e0<\/h4>\t\t\t\t<\/div>\n\t\t\t\t<div class=\"elementor-element elementor-element-9a0ac47 elementor-widget elementor-widget-text-editor\" data-id=\"9a0ac47\" data-element_type=\"widget\" data-e-type=\"widget\" data-widget_type=\"text-editor.default\">\n\t\t\t\t\t\t\t\t\t<div>BBr o.e.m pu\u00f2 confezionare, anche singolarmente in blister, tutti gli stickers.<br \/>I blister possono essere standard o personalizzati, possono essere dotati di etichette con qualsiasi sistema di riconoscimento richiesto dal cliente.<br \/>Tutti gli stickers da noi prodotti passano dal reparto controllo qualit\u00e0 e vengono controllati singolarmente, scartando tutti quelli ritenuto non idonei.<\/div>\t\t\t\t\t\t\t\t<\/div>\n\t\t\t\t<div class=\"elementor-element elementor-element-6a349da elementor-widget elementor-widget-heading\" data-id=\"6a349da\" data-element_type=\"widget\" data-e-type=\"widget\" data-widget_type=\"heading.default\">\n\t\t\t\t\t<h4 class=\"elementor-heading-title elementor-size-default\">Ricerca e sviluppo<\/h4>\t\t\t\t<\/div>\n\t\t\t\t<div class=\"elementor-element elementor-element-6575ac6 elementor-widget elementor-widget-text-editor\" data-id=\"6575ac6\" data-element_type=\"widget\" data-e-type=\"widget\" data-widget_type=\"text-editor.default\">\n\t\t\t\t\t\t\t\t\t<div>Cervello e cuore della BBr o.e.m. \u00e8 certamente il reparto di Ricerca e Sviluppo strutturato per rispondere in tempo reale a tutte le richieste ed esigenze dei clienti.<br \/>Il reparto mantiene stretti contatti con tutti i nostri principali fornitori di materie prime oltre ad essere dotato di tutte quelle attrezzature che permettono l\u2019invecchiamento accelerato dei prodotti finiti per poter, in seguito, certificare una garanzia.<br \/>Il reparto ricerca e sviluppo \u00e8 la vera anima del Gruppo Blackbird, il fiore all\u2019occhiello di un\u2019azienda che ha fatto dell\u2019innovazione il proprio marchio di fabbrica.<\/div>\t\t\t\t\t\t\t\t<\/div>\n\t\t\t\t<\/div>\n\t\t\t\t<\/div>\n\t\t\t\t<\/div>\n\t\t\t\t<\/section>\n\t\t\t\t<\/div>\n\t\t","protected":false},"excerpt":{"rendered":"<p>Mission BBr o.e.m. vuole offrire un servizio completo e qualificato adatto alle esigenze di ogni cliente sia nella fase di progettazione che in quella di produzione per la decorazione, tramite stickers, dei veicoli a due e quattro ruote. Partendo dall\u2019industrializzazione dei file grafici fino ad arrivare alla confezione e spedizione dei prodotti, la BBr o.e.m. [&hellip;]<\/p>\n","protected":false},"author":1,"featured_media":77138,"parent":0,"menu_order":0,"comment_status":"closed","ping_status":"closed","template":"","meta":{"_acf_changed":false,"_uag_custom_page_level_css":"","footnotes":""},"class_list":["post-30730","page","type-page","status-publish","has-post-thumbnail","hentry"],"acf":[],"uagb_featured_image_src":{"full":["https:\/\/www.blackbirdracing.com\/wp-content\/uploads\/2025\/11\/blackbird-oem_copertina.webp",1600,794,false],"thumbnail":["https:\/\/www.blackbirdracing.com\/wp-content\/uploads\/2025\/11\/blackbird-oem_copertina-150x150.webp",150,150,true],"medium":["https:\/\/www.blackbirdracing.com\/wp-content\/uploads\/2025\/11\/blackbird-oem_copertina-300x149.webp",300,149,true],"medium_large":["https:\/\/www.blackbirdracing.com\/wp-content\/uploads\/2025\/11\/blackbird-oem_copertina-768x381.webp",768,381,true],"large":["https:\/\/www.blackbirdracing.com\/wp-content\/uploads\/2025\/11\/blackbird-oem_copertina-1024x508.webp",800,397,true],"1536x1536":["https:\/\/www.blackbirdracing.com\/wp-content\/uploads\/2025\/11\/blackbird-oem_copertina-1536x762.webp",1536,762,true],"2048x2048":["https:\/\/www.blackbirdracing.com\/wp-content\/uploads\/2025\/11\/blackbird-oem_copertina.webp",1600,794,false],"trp-custom-language-flag":["https:\/\/www.blackbirdracing.com\/wp-content\/uploads\/2025\/11\/blackbird-oem_copertina-18x9.webp",18,9,true],"woocommerce_thumbnail":["https:\/\/www.blackbirdracing.com\/wp-content\/uploads\/2025\/11\/blackbird-oem_copertina-300x300.webp",300,300,true],"woocommerce_single":["https:\/\/www.blackbirdracing.com\/wp-content\/uploads\/2025\/11\/blackbird-oem_copertina-600x298.webp",600,298,true],"woocommerce_gallery_thumbnail":["https:\/\/www.blackbirdracing.com\/wp-content\/uploads\/2025\/11\/blackbird-oem_copertina-100x100.webp",100,100,true],"dgwt-wcas-product-suggestion":["https:\/\/www.blackbirdracing.com\/wp-content\/uploads\/2025\/11\/blackbird-oem_copertina.webp",64,32,false]},"uagb_author_info":{"display_name":"Mattia Faloretti","author_link":"https:\/\/www.blackbirdracing.com\/it\/author\/mattia-falorettilaicos-agency\/"},"uagb_comment_info":0,"uagb_excerpt":"Mission BBr o.e.m. vuole offrire un servizio completo e qualificato adatto alle esigenze di ogni cliente sia nella fase di progettazione che in quella di produzione per la decorazione, tramite stickers, dei veicoli a due e quattro ruote. Partendo dall\u2019industrializzazione dei file grafici fino ad arrivare alla confezione e spedizione dei prodotti, la BBr o.e.m.&hellip;","_links":{"self":[{"href":"https:\/\/www.blackbirdracing.com\/it\/wp-json\/wp\/v2\/pages\/30730","targetHints":{"allow":["GET"]}}],"collection":[{"href":"https:\/\/www.blackbirdracing.com\/it\/wp-json\/wp\/v2\/pages"}],"about":[{"href":"https:\/\/www.blackbirdracing.com\/it\/wp-json\/wp\/v2\/types\/page"}],"author":[{"embeddable":true,"href":"https:\/\/www.blackbirdracing.com\/it\/wp-json\/wp\/v2\/users\/1"}],"replies":[{"embeddable":true,"href":"https:\/\/www.blackbirdracing.com\/it\/wp-json\/wp\/v2\/comments?post=30730"}],"version-history":[{"count":10,"href":"https:\/\/www.blackbirdracing.com\/it\/wp-json\/wp\/v2\/pages\/30730\/revisions"}],"predecessor-version":[{"id":31159,"href":"https:\/\/www.blackbirdracing.com\/it\/wp-json\/wp\/v2\/pages\/30730\/revisions\/31159"}],"wp:featuredmedia":[{"embeddable":true,"href":"https:\/\/www.blackbirdracing.com\/it\/wp-json\/wp\/v2\/media\/77138"}],"wp:attachment":[{"href":"https:\/\/www.blackbirdracing.com\/it\/wp-json\/wp\/v2\/media?parent=30730"}],"curies":[{"name":"wp","href":"https:\/\/api.w.org\/{rel}","templated":true}]}}